{"id":7202,"date":"2019-11-18T08:05:35","date_gmt":"2019-11-18T08:05:35","guid":{"rendered":"https:\/\/europont.it\/lavora-con-noi\/"},"modified":"2024-11-19T11:26:11","modified_gmt":"2024-11-19T11:26:11","slug":"arbeit-mit-uns","status":"publish","type":"page","link":"https:\/\/europont.it\/de\/arbeit-mit-uns\/","title":{"rendered":"Arbeit mit uns"},"content":{"rendered":"[vc_row type=&#8220;full_width_background&#8220; full_screen_row_position=&#8220;middle&#8220; column_margin=&#8220;default&#8220; column_direction=&#8220;default&#8220; column_direction_tablet=&#8220;default&#8220; column_direction_phone=&#8220;default&#8220; bg_color=&#8220;#ffffff&#8220; scene_position=&#8220;center&#8220; top_padding=&#8220;7%&#8220; bottom_padding=&#8220;7%&#8220; text_color=&#8220;dark&#8220; text_align=&#8220;left&#8220; row_border_radius=&#8220;none&#8220; row_border_radius_applies=&#8220;bg&#8220; overflow=&#8220;visible&#8220; overlay_strength=&#8220;0.3&#8243; gradient_direction=&#8220;left_to_right&#8220; shape_divider_position=&#8220;bottom&#8220; bg_image_animation=&#8220;none&#8220; shape_type=&#8220;&#8220;][vc_column column_padding=&#8220;no-extra-padding&#8220; column_padding_tablet=&#8220;inherit&#8220; column_padding_phone=&#8220;inherit&#8220; column_padding_position=&#8220;all&#8220; column_element_direction_desktop=&#8220;default&#8220; column_element_spacing=&#8220;default&#8220; desktop_text_alignment=&#8220;default&#8220; tablet_text_alignment=&#8220;default&#8220; phone_text_alignment=&#8220;default&#8220; background_color_opacity=&#8220;1&#8243; background_hover_color_opacity=&#8220;1&#8243; column_backdrop_filter=&#8220;none&#8220; column_shadow=&#8220;none&#8220; column_border_radius=&#8220;none&#8220; column_link_target=&#8220;_self&#8220; column_position=&#8220;default&#8220; gradient_direction=&#8220;left_to_right&#8220; overlay_strength=&#8220;0.3&#8243; width=&#8220;1\/6&#8243; tablet_width_inherit=&#8220;default&#8220; animation_type=&#8220;default&#8220; bg_image_animation=&#8220;none&#8220; border_type=&#8220;simple&#8220; column_border_width=&#8220;none&#8220; column_border_style=&#8220;solid&#8220; offset=&#8220;vc_hidden-sm vc_hidden-xs&#8220;][\/vc_column][vc_column column_padding=&#8220;no-extra-padding&#8220; column_padding_tablet=&#8220;inherit&#8220; column_padding_phone=&#8220;inherit&#8220; column_padding_position=&#8220;all&#8220; column_element_direction_desktop=&#8220;default&#8220; column_element_spacing=&#8220;default&#8220; desktop_text_alignment=&#8220;default&#8220; tablet_text_alignment=&#8220;default&#8220; phone_text_alignment=&#8220;default&#8220; background_color_opacity=&#8220;1&#8243; background_hover_color_opacity=&#8220;1&#8243; column_backdrop_filter=&#8220;none&#8220; column_shadow=&#8220;none&#8220; column_border_radius=&#8220;none&#8220; column_link_target=&#8220;_self&#8220; column_position=&#8220;default&#8220; gradient_direction=&#8220;left_to_right&#8220; overlay_strength=&#8220;0.3&#8243; width=&#8220;2\/3&#8243; tablet_width_inherit=&#8220;default&#8220; animation_type=&#8220;default&#8220; bg_image_animation=&#8220;none&#8220; border_type=&#8220;simple&#8220; column_border_width=&#8220;none&#8220; column_border_style=&#8220;solid&#8220;][vc_custom_heading text=&#8220;Arbeit mit uns&#8220; font_container=&#8220;tag:h1|text_align:left&#8220; use_theme_fonts=&#8220;yes&#8220;][divider line_type=&#8220;Small Line&#8220; line_alignment=&#8220;default&#8220; line_thickness=&#8220;8&#8243; divider_color=&#8220;extra-color-3&#8243; animate=&#8220;yes&#8220; custom_height=&#8220;50&#8243; custom_line_width=&#8220;48&#8243;][vc_column_text css=&#8220;&#8220; text_direction=&#8220;default&#8220;]<strong>BAUINGENIEUR &#8211; TECHNISCHES B\u00dcRO (m\/w)<\/strong><\/p>\n<p>Europont Srl sucht zur Verst\u00e4rkung seiner technischen B\u00fcros f\u00fcr die Standorte Leifers (BZ),\u00a0 Trient (TN) oder Verona (VR) eine\/n Bauingenieur, Bereich &#8211; Strukturen.<\/p>\n<p>Die Aufgabe besteht darin, Ger\u00fcste in 2D und 3D zu entwerfen, statische \u00dcberpr\u00fcfungen von Ger\u00fcsten (Rahmen- und Multidirektional) in engem Kontakt mit der Leitung des technischen B\u00fcros durchzuf\u00fchren und gegebenenfalls Auftr\u00e4ge zu verwalten.<\/p>\n<p>Folgende Kenntnisse sind erforderlich:<\/p>\n<p>&#8211; des OFFICE-Pakets (Word, Excel, Power Point, usw.);<\/p>\n<p>&#8211; von Autocad 2D und 3D<\/p>\n<p>&#8211; der Normen f\u00fcr Stahlkonstruktionen;<\/p>\n<p>&#8211; Software f\u00fcr die Pr\u00fcfung von Stahlkonstruktionen;<\/p>\n<p>Es ist von Vorteil, wenn der\/die Bewerber*in \u00fcber Deutschkenntnisse verf\u00fcgt.<\/p>\n<p>&nbsp;<\/p>\n<p>Sobald er\/sie sich im Unternehmen etabliert hat, wird er\/sie eine Schulung in der Verwendung von Software f\u00fcr den 3D-Entwurf von Ger\u00fcsten (PONCAD) und Software f\u00fcr die strukturelle \u00dcberpr\u00fcfung von Ger\u00fcsten (NEXTFEM) absolvieren.<\/p>\n<p>Melde Dich und schick Deinen vollst\u00e4ndigen Lebenslauf an: <a href=\"mailto:amministrazione@europont.it\">amministrazione@europont.it<\/a><\/p>\n<p><strong>TECHNISCHE\/R B\u00dcROASSISTENT\/IN<\/strong><\/p>\n<p>&nbsp;<\/p>\n<p><em>STELLENBESCHREIBUNG:<\/em><\/p>\n<p>Wir suchen eine\/n technische\/n \u00a0Mitarbeiter\/in f\u00fcr das B\u00fcro in Trient. Die gesuchte Person wird f\u00fcr die folgenden T\u00e4tigkeiten verantwortlich sein:<\/p>\n<p>&#8211; detaillierte Ausarbeitung des Projektplans<br \/>\n&#8211; Verwaltung der kommerziellen, technischen und sicherheitstechnischen Dokumentation des Standorts;<br \/>\n&#8211; Kontakte mit Referenz- und Endnutzern;<br \/>\n&#8211; Registrierung und Berichterstattung;<\/p>\n<p>&#8211; Unterst\u00fctzung der kaufm\u00e4nnischen Techniker.<\/p>\n<p><em>VORAUSSETZUNGEN:<\/em><\/p>\n<ul>\n<li>Kunden- und Baustellenmanagement;<\/li>\n<li>technische und zeichnerische F\u00e4higkeiten;<\/li>\n<li>vorherige Erfahrung in einem technischen B\u00fcro f\u00fcr Geb\u00e4udeplanung.<\/li>\n<\/ul>\n<p><em>ERFORDERLICHE PERS\u00d6NLICHE F\u00c4HIGKEITEN:<\/em><\/p>\n<ul>\n<li>Proaktivit\u00e4t, Genauigkeit, Bereitschaft zur Arbeit im Team und zur Erreichung von Zielen;<\/li>\n<li>Organisation und Genauigkeit bei der Ausf\u00fchrung der Arbeiten;<\/li>\n<li>Ausgezeichnete Kenntnisse in Autocad (oder \u00e4hnlichem) 2D und 3D sind erforderlich.<\/li>\n<li>Kenntnisse in den Bereichen Ger\u00fcstbau, statische Berechnungen und der dazugeh\u00f6rigen Software, Kenntnisse der Sicherheitsvorschriften auf Baustellen sind von Vorteil.<\/li>\n<\/ul>\n<p><em>ERFORDERLICHE AUSBILDUNG<\/em><\/p>\n<p>&#8211; Technische Ausbildung als Geometriker\/Vermesser oder ein abgeschlossenes Ingenieurstudium.<\/p>\n<p><em>WIR BIETEN:<\/em><\/p>\n<ul>\n<li>Die vertraglichen Bedingungen und das Gehalt richten sich nach der Erfahrung des Bewerbers;<\/li>\n<li>Arbeitsort: Trient;<\/li>\n<li>Unterst\u00fctzung f\u00fcr die berufliche Entwicklung; Anreizpl\u00e4ne.<\/li>\n<\/ul>\n<p>Die Suche richtet sich an Personen beiderlei Geschlechts gem\u00e4\u00df dem Gesetz 125\/91.<\/p>\n<p>Schicke uns Deine Bewerbung mit Lebenslauf an: <a href=\"mailto:cecilia.corbelli@europont.it\">cecilia.corbelli@europont.it<\/a><\/p>\n<p>&nbsp;<\/p>\n<p><strong>LABERVERWALTER*IN<\/strong><\/p>\n<p>F\u00fcr unser Unternehmen mit Standorten in Bozen, Trient und Verona suchen wir Lagerverwalter*in.<\/p>\n<p><strong>Der\/die Mitarbeiter*in ist zust\u00e4ndig f\u00fcr<\/strong><\/p>\n<ul>\n<li>Be- und Entladen von Materiallisten (Ger\u00fcstelemente) auf Firmenfahrzeuge.<\/li>\n<li>Lagert\u00e4tigkeiten mit Hilfe des Gabelstaplers\/Muletto<\/li>\n<li>Entgegennahme der eingehenden Bestellungen, Kontrolle des Lagerbestands und Vorbereitung der Materialien f\u00fcr die verschiedenen Baustellen<\/li>\n<li>Arbeiten als Fahrer mit B-F\u00fchrerschein (mit Firmenwagen f\u00fcr eventuell fehlende Materiallieferungen an Baustellen)<\/li>\n<li>Verwaltung der Unternehmenssoftware zum Be- und Entladen von Artikeln.<\/li>\n<\/ul>\n<p><strong>Wir bieten:<\/strong><\/p>\n<ul>\n<li>Vollzeitvertrag &#8222;CCNL Bauwirtschaft&#8220; mit einer Laufzeit von einem Jahr und der Aussicht auf eine Festanstellung;<\/li>\n<li>Dreizehntes und vierzehntes Monatsgehalt;<\/li>\n<li>Arbeitszeiten: tags\u00fcber. Verf\u00fcgbarkeit f\u00fcr \u00dcberstunden;<\/li>\n<li>Essen<\/li>\n<\/ul>\n<p>Schick uns Deinen Lebenslauf an: cecilia.corbelli@europont.it<\/p>\n<p>&nbsp;<\/p>\n<p><strong>Ger\u00fcstbauer*innen und allgemeine Arbeiter*innen<\/strong><\/p>\n<p>Die Firma Europont ist im Sektor der Bauger\u00fcste t\u00e4tig.<\/p>\n<p>Unser Unternehmen mit Niederlassungen in Bozen, Trient und Verona sucht Ger\u00fcstbauer*innen und allgemeine Arbeiter*innen.<\/p>\n<p>Zu deinen Aufgaben z\u00e4hlen die Montage und Demontage der Ger\u00fcste auf den verschiedenen vom Unternehmen verwalteten Baustellen; Verwaltung des Be- und Entladens von Baustellenger\u00e4ten im Lager.<\/p>\n<p>Du wirst in einem Arbeitsteam eingesetzt. Geschicklichkeit und Widerstadskraft, Aufmerksamkeit und Pr\u00e4zision bei der ausge\u00fcbten T\u00e4tigkiet sind eine gute Voraussetzung.<\/p>\n<p>Melde Dich und schick Deinen vollst\u00e4ndigen Lebenslauf an: <a href=\"mailto:amministrazione@europont.it\">amministrazione@europont.it<\/a>[\/vc_column_text][\/vc_column][vc_column column_padding=&#8220;no-extra-padding&#8220; column_padding_tablet=&#8220;inherit&#8220; column_padding_phone=&#8220;inherit&#8220; column_padding_position=&#8220;all&#8220; column_element_direction_desktop=&#8220;default&#8220; column_element_spacing=&#8220;default&#8220; desktop_text_alignment=&#8220;default&#8220; tablet_text_alignment=&#8220;default&#8220; phone_text_alignment=&#8220;default&#8220; background_color_opacity=&#8220;1&#8243; background_hover_color_opacity=&#8220;1&#8243; column_backdrop_filter=&#8220;none&#8220; column_shadow=&#8220;none&#8220; column_border_radius=&#8220;none&#8220; column_link_target=&#8220;_self&#8220; column_position=&#8220;default&#8220; gradient_direction=&#8220;left_to_right&#8220; overlay_strength=&#8220;0.3&#8243; width=&#8220;1\/6&#8243; tablet_width_inherit=&#8220;default&#8220; animation_type=&#8220;default&#8220; bg_image_animation=&#8220;none&#8220; border_type=&#8220;simple&#8220; column_border_width=&#8220;none&#8220; column_border_style=&#8220;solid&#8220; offset=&#8220;vc_hidden-sm vc_hidden-xs&#8220;][\/vc_column][\/vc_row]\n","protected":false},"excerpt":{"rendered":"<p>[vc_row type=&#8220;full_width_background&#8220; full_screen_row_position=&#8220;middle&#8220; column_margin=&#8220;default&#8220; column_direction=&#8220;default&#8220; column_direction_tablet=&#8220;default&#8220; column_direction_phone=&#8220;default&#8220; bg_color=&#8220;#ffffff&#8220; scene_position=&#8220;center&#8220; top_padding=&#8220;7%&#8220; bottom_padding=&#8220;7%&#8220; text_color=&#8220;dark&#8220; text_align=&#8220;left&#8220; row_border_radius=&#8220;none&#8220; row_border_radius_applies=&#8220;bg&#8220;&#8230;<\/p>\n","protected":false},"author":1,"featured_media":0,"parent":0,"menu_order":0,"comment_status":"closed","ping_status":"closed","template":"","meta":{"footnotes":""},"class_list":["post-7202","page","type-page","status-publish"],"_links":{"self":[{"href":"https:\/\/europont.it\/de\/wp-json\/wp\/v2\/pages\/7202","targetHints":{"allow":["GET"]}}],"collection":[{"href":"https:\/\/europont.it\/de\/wp-json\/wp\/v2\/pages"}],"about":[{"href":"https:\/\/europont.it\/de\/wp-json\/wp\/v2\/types\/page"}],"author":[{"embeddable":true,"href":"https:\/\/europont.it\/de\/wp-json\/wp\/v2\/users\/1"}],"replies":[{"embeddable":true,"href":"https:\/\/europont.it\/de\/wp-json\/wp\/v2\/comments?post=7202"}],"version-history":[{"count":9,"href":"https:\/\/europont.it\/de\/wp-json\/wp\/v2\/pages\/7202\/revisions"}],"predecessor-version":[{"id":8104,"href":"https:\/\/europont.it\/de\/wp-json\/wp\/v2\/pages\/7202\/revisions\/8104"}],"wp:attachment":[{"href":"https:\/\/europont.it\/de\/wp-json\/wp\/v2\/media?parent=7202"}],"curies":[{"name":"wp","href":"https:\/\/api.w.org\/{rel}","templated":true}]}}