{"id":7150,"date":"2019-06-26T07:37:42","date_gmt":"2019-06-26T07:37:42","guid":{"rendered":"https:\/\/europont.it\/cookie-policy\/"},"modified":"2019-09-16T07:05:07","modified_gmt":"2019-09-16T07:05:07","slug":"cookie-policy","status":"publish","type":"page","link":"https:\/\/europont.it\/de\/cookie-policy\/","title":{"rendered":"Cookie Policy"},"content":{"rendered":"[vc_row type=&#8220;full_width_background&#8220; full_screen_row_position=&#8220;middle&#8220; bg_color=&#8220;#ffffff&#8220; scene_position=&#8220;center&#8220; text_color=&#8220;dark&#8220; text_align=&#8220;left&#8220; top_padding=&#8220;7%&#8220; bottom_padding=&#8220;7%&#8220; overlay_strength=&#8220;0.3&#8243; shape_divider_position=&#8220;bottom&#8220; bg_image_animation=&#8220;none&#8220; shape_type=&#8220;&#8220;][vc_column column_padding=&#8220;no-extra-padding&#8220; column_padding_position=&#8220;all&#8220; background_color_opacity=&#8220;1&#8243; background_hover_color_opacity=&#8220;1&#8243; column_link_target=&#8220;_self&#8220; column_shadow=&#8220;none&#8220; column_border_radius=&#8220;none&#8220; width=&#8220;1\/6&#8243; tablet_width_inherit=&#8220;default&#8220; tablet_text_alignment=&#8220;default&#8220; phone_text_alignment=&#8220;default&#8220; column_border_width=&#8220;none&#8220; column_border_style=&#8220;solid&#8220; bg_image_animation=&#8220;none&#8220; offset=&#8220;vc_hidden-sm vc_hidden-xs&#8220;][\/vc_column][vc_column column_padding=&#8220;no-extra-padding&#8220; column_padding_position=&#8220;all&#8220; background_color_opacity=&#8220;1&#8243; background_hover_color_opacity=&#8220;1&#8243; column_link_target=&#8220;_self&#8220; column_shadow=&#8220;none&#8220; column_border_radius=&#8220;none&#8220; width=&#8220;2\/3&#8243; tablet_width_inherit=&#8220;default&#8220; tablet_text_alignment=&#8220;default&#8220; phone_text_alignment=&#8220;default&#8220; column_border_width=&#8220;none&#8220; column_border_style=&#8220;solid&#8220; bg_image_animation=&#8220;none&#8220;][vc_custom_heading text=&#8220;Informationsschreiben und Verwaltung der Cookies&#8220; font_container=&#8220;tag:h1|text_align:left&#8220; use_theme_fonts=&#8220;yes&#8220;][divider line_type=&#8220;Small Line&#8220; line_alignment=&#8220;default&#8220; line_thickness=&#8220;8&#8243; divider_color=&#8220;extra-color-3&#8243; animate=&#8220;yes&#8220; custom_height=&#8220;50&#8243; custom_line_width=&#8220;48&#8243;][vc_column_text]\n<h3>Was sind Cookies?<\/h3>\n<p>Cookies sind kleine Textdateien, die kleine Mengen von Informationen enthalten und auf Ihrem Computer oder mobilen Ger\u00e4t heruntergeladen werden, wenn Sie eine Website besuchen. Cookies werden dann bei jedem k\u00fcnftigen Besuch zur\u00fcck an die Website gesendet, von der sie stammen, oder auch an eine andere Website, die das Cookie erkennt.<\/p>\n<p>Auf unserer Homepage werden Sie nur Cookies erhalten, die von unserer Firma zugesendet werden.<\/p>\n<h3>Technische Cookies<\/h3>\n<p>Diese Cookies dienen f\u00fcr das einwandfreie Funktionieren der Seite oder f\u00fcr Aktivit\u00e4ten, die der Benutzer anfordert. Sie werde f\u00fcr keine anderen Zwecke benutzt und sind von unserer Firma verwaltet.<\/p>\n<p>Sie unterteilen sich in:<\/p>\n<ol>\n<li>Cookies f\u00fcr die Navigation oder Besuche: zwingend n\u00f6tig f\u00fcr das einwandfreie Funktionieren der Webseite oder f\u00fcr die Nutzung der angebotenen Inhalte und Dienste von Seiten der Benutzer. Diese Cookies erm\u00f6glichen, zum Beispiel, Elemente zu speichern, die eine bestimmte Anfrage charakterisieren, f\u00fcr die Authentifizierung, einen Kauf zu t\u00e4tigen,<\/li>\n<li>Analytik-Cookies: direkt eingesetzt durch den Seitenbetreiber, um Informationen bez\u00fcglich Anzahl und Verhalten der Benutzer der Webseite zu sammeln. Zum Beispiel, welche Homepages oder Sektionen am h\u00e4ufigsten besichtigt werden und von welchen Webseiten am h\u00e4ufigsten Fehlermeldungen kommen. Die Informationen werden in anonymer Form<\/li>\n<li>Funktions-Cookies: Diese Cookies erm\u00f6glichen den Benutzern die Navigation aufgrund von einer Reihe von gew\u00e4hlter Funktionen (wie Spracheinstellungen, Schriftform, Art des Browsers) mit dem Zweck, Komfort und Leistung der Webseite zu verbessern.<\/li>\n<\/ol>\n<p>Alle diese Cookies sind automatisch aktiviert.<\/p>\n<h3>Sie k\u00f6nnen die Cookies Einstellungen auch mittels Ihrem Browser verwalten.<\/h3>\n<p>Wenn Sie nicht den Browser kennen, den Sie gerade benutzten, Klicken Sie links Oben auf \u201eHilfe\u201c. Von dort aus bekommen Sie Zugriff auf alle Informationen die Sie ben\u00f6tigen.<\/p>\n<p>Im Folgenden haben wir zusammengestellt, wie Sie detaillierte Informationen zur Deaktivierung von Cookies in g\u00e4ngigen Browsern finden.<\/p>\n<p>Firefox:<\/p>\n<p>&nbsp;<\/p>\n<ol>\n<li>Firefox \u00f6ffnen<\/li>\n<li>die \u201eAlt\u201c Taste auf der Tastatur dr\u00fccken<\/li>\n<li>Klicken Sie auf die Men\u00fcschaltfl\u00e4che und w\u00e4hlen Sie Einstellungen und gleich drauf Optionen<\/li>\n<li>W\u00e4hlen Sie den Abschnitt Datenschutz &amp; Sicherheit<\/li>\n<li>gehen Sie dort im Bereich Browser-Datenschutz zur \u00dcberschrift <strong>Chronik<\/strong><\/li>\n<li>W\u00e4hlen Sie in der Auswahlliste die Option nach benutzerdefinierten Einstellungen<\/li>\n<li>Wenn Sie das H\u00e4kchen entfernen, werden Cookies abgelehnt<\/li>\n<li>Speichern Sie diese Einstellungen Internet Explorer:<\/li>\n<\/ol>\n<ol>\n<li>Internet Explorer \u00f6ffnen<\/li>\n<li>W\u00e4hlen Sie in Internet Explorer die Schaltfl\u00e4che Einstellungen und dann Internetoptionen aus<\/li>\n<li>W\u00e4hlen Sie die Registerkarte Datenschutz aus und bewegen Sie den Schieberegler unter Einstellungen nach oben, um alle Cookies zu blockieren (oder nach unten, um alle Cookies zuzulassen).<\/li>\n<\/ol>\n<ol start=\"4\">\n<li>W\u00e4hlen Sie anschlie\u00dfend OK aus Google Chrome:<\/li>\n<\/ol>\n<p>&nbsp;<\/p>\n<ol>\n<li>Google Crome \u00f6ffnen<\/li>\n<li>Klicken Sie rechts oben auf das Symbol &#8222;Mehr&#8220;<\/li>\n<li>Klicken Sie unten auf<\/li>\n<li>Klicken Sie unter &#8222;Sicherheit und Datenschutz&#8220; auf Inhaltseinstellungen unter Privacy<\/li>\n<li>Klicken Sie auf Cookies. Hier k\u00f6nnen Sie alle Cookies entfernen<\/li>\n<li>Best\u00e4tigen Sie Ihre<\/li>\n<\/ol>\n<p>Safari:<\/p>\n<ol>\n<li>Safari \u00f6ffnen<\/li>\n<li>Klicken Sie auf die Men\u00fcschaltfl\u00e4che und w\u00e4hlen Sie Einstellungen und gleich drauf Sicherheit im darauffolgenden Fenster<\/li>\n<li>Unter \u201eCookies akzeptieren\u201c k\u00f6nnen Sie ausw\u00e4hlen wann und wie Safari die Cookies speichern soll. F\u00fcr n\u00e4here Ausk\u00fcnfte klicken Sie auf Hilfe(mit einem Ausrufezeichen gekennzeichnet)<\/li>\n<li>F\u00fcr n\u00e4here Informationen \u00fcber den Cookies die auf Ihrem Computer gespeichert<\/li>\n<\/ol>\n[\/vc_column_text][\/vc_column][vc_column column_padding=&#8220;no-extra-padding&#8220; column_padding_position=&#8220;all&#8220; background_color_opacity=&#8220;1&#8243; background_hover_color_opacity=&#8220;1&#8243; column_link_target=&#8220;_self&#8220; column_shadow=&#8220;none&#8220; column_border_radius=&#8220;none&#8220; width=&#8220;1\/6&#8243; tablet_width_inherit=&#8220;default&#8220; tablet_text_alignment=&#8220;default&#8220; phone_text_alignment=&#8220;default&#8220; column_border_width=&#8220;none&#8220; column_border_style=&#8220;solid&#8220; bg_image_animation=&#8220;none&#8220; offset=&#8220;vc_hidden-sm vc_hidden-xs&#8220;][\/vc_column][\/vc_row]\n","protected":false},"excerpt":{"rendered":"<p>[vc_row type=&#8220;full_width_background&#8220; full_screen_row_position=&#8220;middle&#8220; bg_color=&#8220;#ffffff&#8220; scene_position=&#8220;center&#8220; text_color=&#8220;dark&#8220; text_align=&#8220;left&#8220; top_padding=&#8220;7%&#8220; bottom_padding=&#8220;7%&#8220; overlay_strength=&#8220;0.3&#8243; shape_divider_position=&#8220;bottom&#8220; bg_image_animation=&#8220;none&#8220; shape_type=&#8220;&#8220;][vc_column column_padding=&#8220;no-extra-padding&#8220; column_padding_position=&#8220;all&#8220;&#8230;<\/p>\n","protected":false},"author":1,"featured_media":0,"parent":0,"menu_order":0,"comment_status":"closed","ping_status":"closed","template":"","meta":{"footnotes":""},"class_list":["post-7150","page","type-page","status-publish"],"_links":{"self":[{"href":"https:\/\/europont.it\/de\/wp-json\/wp\/v2\/pages\/7150","targetHints":{"allow":["GET"]}}],"collection":[{"href":"https:\/\/europont.it\/de\/wp-json\/wp\/v2\/pages"}],"about":[{"href":"https:\/\/europont.it\/de\/wp-json\/wp\/v2\/types\/page"}],"author":[{"embeddable":true,"href":"https:\/\/europont.it\/de\/wp-json\/wp\/v2\/users\/1"}],"replies":[{"embeddable":true,"href":"https:\/\/europont.it\/de\/wp-json\/wp\/v2\/comments?post=7150"}],"version-history":[{"count":2,"href":"https:\/\/europont.it\/de\/wp-json\/wp\/v2\/pages\/7150\/revisions"}],"predecessor-version":[{"id":7152,"href":"https:\/\/europont.it\/de\/wp-json\/wp\/v2\/pages\/7150\/revisions\/7152"}],"wp:attachment":[{"href":"https:\/\/europont.it\/de\/wp-json\/wp\/v2\/media?parent=7150"}],"curies":[{"name":"wp","href":"https:\/\/api.w.org\/{rel}","templated":true}]}}