{"id":7144,"date":"2019-06-26T07:51:18","date_gmt":"2019-06-26T07:51:18","guid":{"rendered":"https:\/\/europont.it\/termini-e-condizioni\/"},"modified":"2019-09-16T06:54:52","modified_gmt":"2019-09-16T06:54:52","slug":"bedingungen","status":"publish","type":"page","link":"https:\/\/europont.it\/de\/bedingungen\/","title":{"rendered":"Bedingungen"},"content":{"rendered":"[vc_row type=&#8220;full_width_background&#8220; full_screen_row_position=&#8220;middle&#8220; bg_color=&#8220;#ffffff&#8220; scene_position=&#8220;center&#8220; text_color=&#8220;dark&#8220; text_align=&#8220;left&#8220; top_padding=&#8220;7%&#8220; bottom_padding=&#8220;7%&#8220; overlay_strength=&#8220;0.3&#8243; shape_divider_position=&#8220;bottom&#8220; bg_image_animation=&#8220;none&#8220; shape_type=&#8220;&#8220;][vc_column column_padding=&#8220;no-extra-padding&#8220; column_padding_position=&#8220;all&#8220; background_color_opacity=&#8220;1&#8243; background_hover_color_opacity=&#8220;1&#8243; column_link_target=&#8220;_self&#8220; column_shadow=&#8220;none&#8220; column_border_radius=&#8220;none&#8220; width=&#8220;1\/6&#8243; tablet_width_inherit=&#8220;default&#8220; tablet_text_alignment=&#8220;default&#8220; phone_text_alignment=&#8220;default&#8220; column_border_width=&#8220;none&#8220; column_border_style=&#8220;solid&#8220; bg_image_animation=&#8220;none&#8220; offset=&#8220;vc_hidden-sm vc_hidden-xs&#8220;][\/vc_column][vc_column column_padding=&#8220;no-extra-padding&#8220; column_padding_position=&#8220;all&#8220; background_color_opacity=&#8220;1&#8243; background_hover_color_opacity=&#8220;1&#8243; column_link_target=&#8220;_self&#8220; column_shadow=&#8220;none&#8220; column_border_radius=&#8220;none&#8220; width=&#8220;2\/3&#8243; tablet_width_inherit=&#8220;default&#8220; tablet_text_alignment=&#8220;default&#8220; phone_text_alignment=&#8220;default&#8220; column_border_width=&#8220;none&#8220; column_border_style=&#8220;solid&#8220; bg_image_animation=&#8220;none&#8220;][vc_custom_heading text=&#8220;Termini e Condizioni di utilizzo&#8220; font_container=&#8220;tag:h1|text_align:left&#8220; use_theme_fonts=&#8220;yes&#8220;][divider line_type=&#8220;Small Line&#8220; line_alignment=&#8220;default&#8220; line_thickness=&#8220;8&#8243; divider_color=&#8220;extra-color-3&#8243; animate=&#8220;yes&#8220; custom_height=&#8220;50&#8243; custom_line_width=&#8220;48&#8243;][vc_column_text]<strong>Europont S.r.l.<\/strong><\/p>\n<p>Verwaltungssitz: Zona Produttiva Vurza 22, 39050 Laives Bolzano Handelsregister Bozen: REA Nummer 166657<\/p>\n<p>St.Nr und MwSt.:02264490216<\/p>\n<p>PEC: <a href=\"mailto:europontsrl@legalmail.it\">europontsrl@legalmail.it<\/a><\/p>\n<p>&nbsp;<\/p>\n<p>&nbsp;<\/p>\n<h3>Bedingungen zur Anwendung der Webseite <a href=\"http:\/\/www.europont.de\/\" target=\"_blank\" rel=\"noopener\">www.europont.de<\/a><\/h3>\n<p>Der Benutzer verwendet die Homepage auf eigener Gefahr. Wenn nicht anders angef\u00fchrt, wird der Inhalt der Webseite \u201eso wie gehabt\u201c und \u201ewie verf\u00fcgt \u201cgeliefert. Die Benutzung unserer Homepage ist frei. Der Benutzer haftet selber f\u00fcr die Anwendung der Webseite.<\/p>\n<p>&nbsp;<\/p>\n<h3>Freistellung der Verantwortung<\/h3>\n<p>Der User benutzt auf eigener Gefahr die Webseite. Wenn nicht anders angef\u00fchrt wird der Inhalt der Webseite \u201eSo wie gehabt\u201c und \u201eWie verf\u00fcgbar\u201c geliefert. Die Benutzung unserer Webseite ist frei. Der User haftet selber f\u00fcr die Benutzung der Webseite.<\/p>\n<p>&nbsp;<\/p>\n<h3>Verantwortungserkl\u00e4rung<\/h3>\n<p>Obwohl f\u00fcr das Vermitteln der Informationen auf dieser Webseite die maximale Sorgfalt angewandt wird, gew\u00e4hrleistet Europont Srl nicht die Zweckm\u00e4\u00dfigkeit, die Genauigkeit oder die Vollst\u00e4ndigkeit sowie die Sicherheit der Webseite. Beschr\u00e4nkungen und die Garantie, dass die Webseite fehlerfrei ist und einwandfrei funktioniert wird nicht gew\u00e4hrleistet.<\/p>\n<p>Europont haftet nicht f\u00fcr Sch\u00e4den, z.B. wenn ein Virus auf dem Computer des Users auftritt. Der User muss selber die n\u00f6tigen Vorschriften nehmen, damit sein Computer vor Angriffen (wie z.B. Viren oder Trojaner) sicher ist.<\/p>\n<p>Europont wird auf keinen Fall verantwortlich sein, f\u00fcr jegliche Sch\u00e4den die auftreten k\u00f6nnen bei der Verwendung der Homepage wie z.B. Datenverlust oder Gewinnverlust jeder Art.<\/p>\n<p>Der Inhalt dieser Homepage dient zur reinen Information. Europont \u00fcbernimmt keine Verantwortung beim Auftreten von Fehlern oder Unterlassung bei Informationen oder Tipps.<\/p>\n<p>Europont ist nicht verpflichtet alle Nachrichten, Informationen und Inhalte (Profildaten) zu \u00fcberpr\u00fcfen die an die Homepage gesendet werden und \u00fcbernimmt keine Verpflichtungen und Verantwortungen.<\/p>\n<p>Europont kontrolliert gelegentlich die Profildaten die auf der Homepage ver\u00f6ffentlicht werden und sieht sich frei zu entscheiden ob diese Daten angenommen und\/oder behebt werden.<\/p>\n<p>Europont akzeptiert keine Zusendung privater oder privat gesch\u00fctzter Informationen auf der Homepage.<\/p>\n<h3>\u00c4nderungen der Nutzungsbedingungen<\/h3>\n<p>Europont haltet sich das Recht in jedem Moment die Nutzungsbedingungen ab\u00e4ndern zu k\u00f6nnen, ohne Ank\u00fcndigung, vor. Die neuen \u00c4nderungen werden auf der Homepage geladen und bei der Nutzung dieser Homepage werden sie von Seiten des Users akzeptiert. Deshalb ist es empfehlenswert diese Homepage periodisch anzusehen um die letzten \u00c4nderungen wahrzunehmen.<\/p>\n<h3>Informationen \u00fcber dem geistigen Eigentum<\/h3>\n<p>Alle Texte, Software (inbegriffen der Programmiersprache), visuelles Material, Informationen und alle anderen Inhalte, die auf dieser Homepage erfasst werden geh\u00f6ren der Europont Srl und sind durch Copyright, Trademark und anderen intellektuellen Eigenschaften sowie Ges\u00e4tze aus aller Welt oder internationale Abkommen und\/oder anwendbare Gesetze gesch\u00fctzt.<\/p>\n<p>Europont teilt mit, das die Informationen, die Texte, die Videoaufnahmen, die File Audios und die Fotos (alles wird einheitlich \u201eMaterial\u201c genannt) die auf der Homepage auftreten, vom Copyright Gesetzt gesch\u00fctzt sind. Das Herunterladen und der Seitenabruf vom Material werden nur f\u00fcr einen streng privaten Zweck autorisiert und die Copyright Nachrichten m\u00fcssen aufrecht erhalten bleiben. Es ist strengstens verboten das Material von der Homepage zu ver\u00e4ndern, vervielf\u00e4ltigen, \u00fcbertragen, darstellen, weiterleiten, f\u00fcr Werbezwecke oder zur Erzielung eines Vorteils zu benutzen.<\/p>\n<p>Durch den Vorschriften ist es verboten die Inhalte f\u00fcr andere Webseiten oder im Netz verbundene Zwecke zu benutzen. Das Material von der Homepage ist durch Copyright gesch\u00fctzt und die nicht autorisierte Nutzung hat eine Rechtsverletzung von Copyright, der Warenzeichen und anderen juridischen Formen zufolge. Mit der Zustimmung dieser Vorschriften verpflichten Sie sich die Trademark oder Copyright nicht zu f\u00e4lschen oder zu l\u00f6schen. Rechtsb\u00fcndige Elemente der Webseite Europont d\u00fcrfen nicht kopiert oder gef\u00e4lscht werden. Kein Logo, graphisches Element, Ton oder Abbildung die von dieser Homepage stammen d\u00fcrfen kopiert oder weitergegeben werden ohne ausdr\u00fcckliche Erlaubnis von Seiten der Europont.<\/p>\n<p>Die gesamten Informationen, die Europont ver\u00f6ffentlicht, werden vom User kostenlos geliefert \u2013 au\u00dfer wo nicht ausf\u00fchrlich verzeichnet.<\/p>\n<p>Europont verbietet die Nutzung (inbegriffen, grenzenlos, das Duplizieren, das F\u00e4lschen, das Ver\u00e4ndern, das Erteilen, das \u00dcbersetzten, den Verkauf, die Werbung)des Inhaltes ohne schriftlichen Vorvertrag von Europont, au\u00dfer wenn man den Inhalt auf dem Bildschirm des Computers darstellt oder eine Kopie druckt, sei es f\u00fcr privater Nutzung, ohne Gewinnorientierung oder anderes das vom Gesetz erlaubt ist.<\/p>\n<p>Die ganzen Kopien vom Material m\u00fcssen die Benachrichtigung von Copyright vom Originalen beinhalten. Wenn diese Vorschriften nicht eingehalten werden, wird jegliche Autorisierung der Nutzung dieser Webseite mit sofortiger Wirkung enden und das eventuell heruntergeladene odergedruckte Material vernichtet.<\/p>\n<p>Sie akzeptieren:<\/p>\n<ul>\n<li>das Web nicht f\u00fcr illegale Zwecke zu benutzen<\/li>\n<li>die Rechte anderer Personen nicht zu brechen<\/li>\n<li>nicht in der normalen Funktionsweise der Webseite dazwischen zu treten<\/li>\n<li>ohne schriftlicher Autorisierung keine Verlinkungen von der Webseite aus mit anderen Links zu machen<\/li>\n<li>ohne schriftlicher Autorisierung keinen Inhalt von dieser Webseite zu vertreiben<\/li>\n<\/ul>\n[\/vc_column_text][\/vc_column][vc_column column_padding=&#8220;no-extra-padding&#8220; column_padding_position=&#8220;all&#8220; background_color_opacity=&#8220;1&#8243; background_hover_color_opacity=&#8220;1&#8243; column_link_target=&#8220;_self&#8220; column_shadow=&#8220;none&#8220; column_border_radius=&#8220;none&#8220; width=&#8220;1\/6&#8243; tablet_width_inherit=&#8220;default&#8220; tablet_text_alignment=&#8220;default&#8220; phone_text_alignment=&#8220;default&#8220; column_border_width=&#8220;none&#8220; column_border_style=&#8220;solid&#8220; bg_image_animation=&#8220;none&#8220; offset=&#8220;vc_hidden-sm vc_hidden-xs&#8220;][\/vc_column][\/vc_row]\n","protected":false},"excerpt":{"rendered":"<p>[vc_row type=&#8220;full_width_background&#8220; full_screen_row_position=&#8220;middle&#8220; bg_color=&#8220;#ffffff&#8220; scene_position=&#8220;center&#8220; text_color=&#8220;dark&#8220; text_align=&#8220;left&#8220; top_padding=&#8220;7%&#8220; bottom_padding=&#8220;7%&#8220; overlay_strength=&#8220;0.3&#8243; shape_divider_position=&#8220;bottom&#8220; bg_image_animation=&#8220;none&#8220; shape_type=&#8220;&#8220;][vc_column column_padding=&#8220;no-extra-padding&#8220; column_padding_position=&#8220;all&#8220;&#8230;<\/p>\n","protected":false},"author":1,"featured_media":0,"parent":0,"menu_order":0,"comment_status":"closed","ping_status":"closed","template":"","meta":{"footnotes":""},"class_list":["post-7144","page","type-page","status-publish"],"_links":{"self":[{"href":"https:\/\/europont.it\/de\/wp-json\/wp\/v2\/pages\/7144","targetHints":{"allow":["GET"]}}],"collection":[{"href":"https:\/\/europont.it\/de\/wp-json\/wp\/v2\/pages"}],"about":[{"href":"https:\/\/europont.it\/de\/wp-json\/wp\/v2\/types\/page"}],"author":[{"embeddable":true,"href":"https:\/\/europont.it\/de\/wp-json\/wp\/v2\/users\/1"}],"replies":[{"embeddable":true,"href":"https:\/\/europont.it\/de\/wp-json\/wp\/v2\/comments?post=7144"}],"version-history":[{"count":2,"href":"https:\/\/europont.it\/de\/wp-json\/wp\/v2\/pages\/7144\/revisions"}],"predecessor-version":[{"id":7146,"href":"https:\/\/europont.it\/de\/wp-json\/wp\/v2\/pages\/7144\/revisions\/7146"}],"wp:attachment":[{"href":"https:\/\/europont.it\/de\/wp-json\/wp\/v2\/media?parent=7144"}],"curies":[{"name":"wp","href":"https:\/\/api.w.org\/{rel}","templated":true}]}}