{"id":7124,"date":"2019-06-27T08:32:01","date_gmt":"2019-06-27T08:32:01","guid":{"rendered":"https:\/\/europont.it\/ponteggi-per-edilizia-e-infrastrutture\/"},"modified":"2019-09-05T09:04:15","modified_gmt":"2019-09-05T09:04:15","slug":"gerueste-fuer-den-hochbau","status":"publish","type":"page","link":"https:\/\/europont.it\/de\/gerueste-fuer-den-hochbau\/","title":{"rendered":"Ger\u00fcste f\u00fcr den Hochbau"},"content":{"rendered":"[vc_row type=&#8220;full_width_background&#8220; full_screen_row_position=&#8220;middle&#8220; bg_color=&#8220;#ffffff&#8220; scene_position=&#8220;center&#8220; text_color=&#8220;dark&#8220; text_align=&#8220;left&#8220; top_padding=&#8220;7%&#8220; bottom_padding=&#8220;7%&#8220; overlay_strength=&#8220;0.3&#8243; shape_divider_position=&#8220;bottom&#8220; bg_image_animation=&#8220;none&#8220; shape_type=&#8220;&#8220;][vc_column column_padding=&#8220;no-extra-padding&#8220; column_padding_position=&#8220;all&#8220; background_color_opacity=&#8220;1&#8243; background_hover_color_opacity=&#8220;1&#8243; column_link_target=&#8220;_self&#8220; column_shadow=&#8220;none&#8220; column_border_radius=&#8220;none&#8220; width=&#8220;1\/6&#8243; tablet_width_inherit=&#8220;default&#8220; tablet_text_alignment=&#8220;default&#8220; phone_text_alignment=&#8220;default&#8220; column_border_width=&#8220;none&#8220; column_border_style=&#8220;solid&#8220; bg_image_animation=&#8220;none&#8220; offset=&#8220;vc_hidden-sm vc_hidden-xs&#8220;][\/vc_column][vc_column column_padding=&#8220;padding-3-percent&#8220; column_padding_position=&#8220;all&#8220; background_color_opacity=&#8220;1&#8243; background_hover_color_opacity=&#8220;1&#8243; column_link_target=&#8220;_self&#8220; column_shadow=&#8220;none&#8220; column_border_radius=&#8220;none&#8220; width=&#8220;2\/3&#8243; tablet_width_inherit=&#8220;default&#8220; tablet_text_alignment=&#8220;default&#8220; phone_text_alignment=&#8220;default&#8220; column_border_width=&#8220;none&#8220; column_border_style=&#8220;solid&#8220; bg_image_animation=&#8220;none&#8220;][vc_custom_heading text=&#8220;Ger\u00fcste f\u00fcr den Hochbau&#8220; font_container=&#8220;tag:h1|text_align:left&#8220; use_theme_fonts=&#8220;yes&#8220;][divider line_type=&#8220;Small Line&#8220; line_alignment=&#8220;default&#8220; line_thickness=&#8220;8&#8243; divider_color=&#8220;extra-color-3&#8243; animate=&#8220;yes&#8220; custom_height=&#8220;50&#8243; custom_line_width=&#8220;48&#8243;][vc_column_text][\/vc_column_text][\/vc_column][vc_column column_padding=&#8220;no-extra-padding&#8220; column_padding_position=&#8220;all&#8220; background_color_opacity=&#8220;1&#8243; background_hover_color_opacity=&#8220;1&#8243; column_link_target=&#8220;_self&#8220; column_shadow=&#8220;none&#8220; column_border_radius=&#8220;none&#8220; width=&#8220;1\/6&#8243; tablet_width_inherit=&#8220;default&#8220; tablet_text_alignment=&#8220;default&#8220; phone_text_alignment=&#8220;default&#8220; column_border_width=&#8220;none&#8220; column_border_style=&#8220;solid&#8220; bg_image_animation=&#8220;none&#8220; offset=&#8220;vc_hidden-sm vc_hidden-xs&#8220;][\/vc_column][\/vc_row][vc_row type=&#8220;full_width_content&#8220; full_screen_row_position=&#8220;middle&#8220; bg_color=&#8220;#f4f4f4&#8243; scene_position=&#8220;center&#8220; text_color=&#8220;dark&#8220; text_align=&#8220;left&#8220; top_padding=&#8220;0&#8243; bottom_padding=&#8220;0&#8243; overlay_strength=&#8220;0.3&#8243; shape_divider_position=&#8220;bottom&#8220; bg_image_animation=&#8220;none&#8220; shape_type=&#8220;&#8220;][vc_column column_padding=&#8220;padding-7-percent&#8220; column_padding_position=&#8220;all&#8220; background_color_opacity=&#8220;1&#8243; background_hover_color_opacity=&#8220;1&#8243; column_link_target=&#8220;_self&#8220; column_shadow=&#8220;none&#8220; column_border_radius=&#8220;none&#8220; width=&#8220;1\/3&#8243; tablet_width_inherit=&#8220;default&#8220; tablet_text_alignment=&#8220;default&#8220; phone_text_alignment=&#8220;default&#8220; column_border_width=&#8220;none&#8220; column_border_style=&#8220;solid&#8220; bg_image_animation=&#8220;none&#8220;][vc_column_text css=&#8220;.vc_custom_1567673767787{margin-bottom: 18px !important;}&#8220;]<strong>Lieferung und Montage von Ger\u00fcsten f\u00fcr die<\/strong> <strong>Renovierung jeglicher Art von Geb\u00e4uden<\/strong> \u2013 Wohngeb\u00e4ude, Gesch\u00e4fts- und Industriegeb\u00e4ude \u2013 und im Einzelnen f\u00fcr (beispielsweise) folgende Arbeiten:[\/vc_column_text]<div class=\"nectar-fancy-ul\" data-list-icon=\"icon-salient-thin-line\" data-animation=\"true\" data-animation-delay=\"0\" data-color=\"extra-color-3\" data-spacing=\"default\" data-alignment=\"left\"> \n<ul>\n<li>externe Geb\u00e4uded\u00e4mmung<\/li>\n<li>Fassadenanstrich<\/li>\n<li>Dacherneuerung<\/li>\n<li>Zimmererarbeiten<\/li>\n<li>Spenglerarbeiten<\/li>\n<li>D\u00e4mmungen<\/li>\n<li>Erneuerung von Geb\u00e4udeverblendungen<\/li>\n<\/ul>\n <\/div>[\/vc_column][vc_column column_padding=&#8220;padding-7-percent&#8220; column_padding_position=&#8220;all&#8220; background_color_opacity=&#8220;1&#8243; background_hover_color_opacity=&#8220;1&#8243; column_link_target=&#8220;_self&#8220; column_shadow=&#8220;none&#8220; column_border_radius=&#8220;none&#8220; width=&#8220;1\/3&#8243; tablet_width_inherit=&#8220;default&#8220; tablet_text_alignment=&#8220;default&#8220; phone_text_alignment=&#8220;default&#8220; column_border_width=&#8220;none&#8220; column_border_style=&#8220;solid&#8220; bg_image_animation=&#8220;none&#8220;][vc_column_text css=&#8220;.vc_custom_1567673784312{margin-bottom: 18px !important;}&#8220;]<strong>Verleih und Montage von Ger\u00fcsten f\u00fcr Neubauten jeglicher Art<\/strong> und insbesondere f\u00fcr folgende Arbeiten:[\/vc_column_text]<div class=\"nectar-fancy-ul\" data-list-icon=\"icon-salient-thin-line\" data-animation=\"true\" data-animation-delay=\"0\" data-color=\"extra-color-3\" data-spacing=\"default\" data-alignment=\"left\"> \n<ul>\n<li>Deckenbau<\/li>\n<li>Fassadenbau<\/li>\n<li>St\u00fctzarbeiten<\/li>\n<li>Materialplattform<\/li>\n<li>Aufstockungen<\/li>\n<\/ul>\n <\/div>[\/vc_column][vc_column column_padding=&#8220;padding-7-percent&#8220; column_padding_position=&#8220;all&#8220; background_color_opacity=&#8220;1&#8243; background_hover_color_opacity=&#8220;1&#8243; column_link_target=&#8220;_self&#8220; column_shadow=&#8220;none&#8220; column_border_radius=&#8220;none&#8220; width=&#8220;1\/3&#8243; tablet_width_inherit=&#8220;default&#8220; tablet_text_alignment=&#8220;default&#8220; phone_text_alignment=&#8220;default&#8220; column_border_width=&#8220;none&#8220; column_border_style=&#8220;solid&#8220; bg_image_animation=&#8220;none&#8220;][vc_column_text css=&#8220;.vc_custom_1567673799950{margin-bottom: 18px !important;}&#8220;]<strong>Verleih und Montage von Ger\u00fcsten f\u00fcr die Sanierung von historischen Bauwerken<\/strong><strong>, wie etwa:<\/strong>[\/vc_column_text]<div class=\"nectar-fancy-ul\" data-list-icon=\"icon-salient-thin-line\" data-animation=\"true\" data-animation-delay=\"0\" data-color=\"extra-color-3\" data-spacing=\"default\" data-alignment=\"left\"> \n<ul>\n<li>historische Wohngeb\u00e4ude<\/li>\n<li>Schl\u00f6sser\/Burgen<\/li>\n<li>Kirchenschiffe<\/li>\n<li>Innenr\u00e4ume von Kirchen<\/li>\n<li>Au\u00dfenbereiche von Kirchen<\/li>\n<li>Stadtt\u00fcrme<\/li>\n<\/ul>\n <\/div>[\/vc_column][\/vc_row][vc_row type=&#8220;full_width_background&#8220; full_screen_row_position=&#8220;middle&#8220; bg_color=&#8220;#ffffff&#8220; scene_position=&#8220;center&#8220; text_color=&#8220;dark&#8220; text_align=&#8220;left&#8220; top_padding=&#8220;7%&#8220; bottom_padding=&#8220;7%&#8220; overlay_strength=&#8220;0.3&#8243; shape_divider_position=&#8220;bottom&#8220; bg_image_animation=&#8220;none&#8220; shape_type=&#8220;&#8220;][vc_column column_padding=&#8220;no-extra-padding&#8220; column_padding_position=&#8220;all&#8220; background_color_opacity=&#8220;1&#8243; background_hover_color_opacity=&#8220;1&#8243; column_link_target=&#8220;_self&#8220; column_shadow=&#8220;none&#8220; column_border_radius=&#8220;none&#8220; width=&#8220;1\/6&#8243; tablet_width_inherit=&#8220;default&#8220; tablet_text_alignment=&#8220;default&#8220; phone_text_alignment=&#8220;default&#8220; column_border_width=&#8220;none&#8220; column_border_style=&#8220;solid&#8220; bg_image_animation=&#8220;none&#8220; offset=&#8220;vc_hidden-sm vc_hidden-xs&#8220;][\/vc_column][vc_column column_padding=&#8220;padding-3-percent&#8220; column_padding_position=&#8220;all&#8220; background_color_opacity=&#8220;1&#8243; background_hover_color_opacity=&#8220;1&#8243; column_link_target=&#8220;_self&#8220; column_shadow=&#8220;none&#8220; column_border_radius=&#8220;none&#8220; width=&#8220;2\/3&#8243; tablet_width_inherit=&#8220;default&#8220; tablet_text_alignment=&#8220;default&#8220; phone_text_alignment=&#8220;default&#8220; column_border_width=&#8220;none&#8220; column_border_style=&#8220;solid&#8220; bg_image_animation=&#8220;none&#8220;][vc_custom_heading text=&#8220;Infrastrukturger\u00fcste&#8220; font_container=&#8220;tag:h1|text_align:left&#8220; use_theme_fonts=&#8220;yes&#8220;][divider line_type=&#8220;Small Line&#8220; line_alignment=&#8220;default&#8220; line_thickness=&#8220;8&#8243; divider_color=&#8220;extra-color-3&#8243; animate=&#8220;yes&#8220; custom_height=&#8220;50&#8243; custom_line_width=&#8220;48&#8243;][vc_column_text css=&#8220;.vc_custom_1567674244675{margin-bottom: 18px !important;}&#8220;]Vermietung und Montage von Ger\u00fcsten f\u00fcr die Instandhaltung oder den Neubau gro\u00dfer Infrastrukturen wie:[\/vc_column_text]<div class=\"nectar-fancy-ul\" data-list-icon=\"icon-salient-thin-line\" data-animation=\"true\" data-animation-delay=\"0\" data-color=\"extra-color-3\" data-spacing=\"default\" data-alignment=\"left\"> \n<ul>\n<li>Br\u00fccken<\/li>\n<li>Viadukte<\/li>\n<li>D\u00e4mme<\/li>\n<li>Galerien<\/li>\n<li>Kraftwerke<\/li>\n<li>Stromnetze (Pylone)<\/li>\n<li>Stationen der Skigebiete<\/li>\n<\/ul>\n <\/div>[\/vc_column][vc_column column_padding=&#8220;no-extra-padding&#8220; column_padding_position=&#8220;all&#8220; background_color_opacity=&#8220;1&#8243; background_hover_color_opacity=&#8220;1&#8243; column_link_target=&#8220;_self&#8220; column_shadow=&#8220;none&#8220; column_border_radius=&#8220;none&#8220; width=&#8220;1\/6&#8243; tablet_width_inherit=&#8220;default&#8220; tablet_text_alignment=&#8220;default&#8220; phone_text_alignment=&#8220;default&#8220; column_border_width=&#8220;none&#8220; column_border_style=&#8220;solid&#8220; bg_image_animation=&#8220;none&#8220; offset=&#8220;vc_hidden-sm vc_hidden-xs&#8220;][\/vc_column][\/vc_row][vc_row type=&#8220;full_width_content&#8220; full_screen_row_position=&#8220;middle&#8220; scene_position=&#8220;center&#8220; text_color=&#8220;light&#8220; text_align=&#8220;left&#8220; overlay_strength=&#8220;0.3&#8243; shape_divider_position=&#8220;bottom&#8220; bg_image_animation=&#8220;none&#8220; shape_type=&#8220;&#8220;][vc_column column_padding=&#8220;no-extra-padding&#8220; column_padding_position=&#8220;all&#8220; background_color_opacity=&#8220;1&#8243; background_hover_color_opacity=&#8220;1&#8243; column_link_target=&#8220;_self&#8220; column_shadow=&#8220;none&#8220; column_border_radius=&#8220;none&#8220; width=&#8220;1\/1&#8243; tablet_width_inherit=&#8220;default&#8220; tablet_text_alignment=&#8220;default&#8220; phone_text_alignment=&#8220;default&#8220; column_border_width=&#8220;none&#8220; column_border_style=&#8220;solid&#8220; bg_image_animation=&#8220;none&#8220;][vc_gallery type=&#8220;image_grid&#8220; images=&#8220;6473,6474,6475,6476,6477,6478,6479,6480,6481,6482,6483,6484&#8243; layout=&#8220;fullwidth&#8220; masonry_style=&#8220;true&#8220; bypass_image_cropping=&#8220;true&#8220; item_spacing=&#8220;1px&#8220; constrain_max_cols=&#8220;true&#8220; gallery_style=&#8220;7&#8243; load_in_animation=&#8220;fade_in_from_bottom&#8220; img_size=&#8220;large&#8220;][\/vc_column][\/vc_row]\n","protected":false},"excerpt":{"rendered":"<p>[vc_row type=&#8220;full_width_background&#8220; full_screen_row_position=&#8220;middle&#8220; bg_color=&#8220;#ffffff&#8220; scene_position=&#8220;center&#8220; text_color=&#8220;dark&#8220; text_align=&#8220;left&#8220; top_padding=&#8220;7%&#8220; bottom_padding=&#8220;7%&#8220; overlay_strength=&#8220;0.3&#8243; shape_divider_position=&#8220;bottom&#8220; bg_image_animation=&#8220;none&#8220; shape_type=&#8220;&#8220;][vc_column column_padding=&#8220;no-extra-padding&#8220; column_padding_position=&#8220;all&#8220;&#8230;<\/p>\n","protected":false},"author":1,"featured_media":0,"parent":0,"menu_order":0,"comment_status":"closed","ping_status":"closed","template":"","meta":{"footnotes":""},"class_list":["post-7124","page","type-page","status-publish"],"_links":{"self":[{"href":"https:\/\/europont.it\/de\/wp-json\/wp\/v2\/pages\/7124","targetHints":{"allow":["GET"]}}],"collection":[{"href":"https:\/\/europont.it\/de\/wp-json\/wp\/v2\/pages"}],"about":[{"href":"https:\/\/europont.it\/de\/wp-json\/wp\/v2\/types\/page"}],"author":[{"embeddable":true,"href":"https:\/\/europont.it\/de\/wp-json\/wp\/v2\/users\/1"}],"replies":[{"embeddable":true,"href":"https:\/\/europont.it\/de\/wp-json\/wp\/v2\/comments?post=7124"}],"version-history":[{"count":3,"href":"https:\/\/europont.it\/de\/wp-json\/wp\/v2\/pages\/7124\/revisions"}],"predecessor-version":[{"id":7133,"href":"https:\/\/europont.it\/de\/wp-json\/wp\/v2\/pages\/7124\/revisions\/7133"}],"wp:attachment":[{"href":"https:\/\/europont.it\/de\/wp-json\/wp\/v2\/media?parent=7124"}],"curies":[{"name":"wp","href":"https:\/\/api.w.org\/{rel}","templated":true}]}}