{"id":7121,"date":"2017-02-07T15:05:43","date_gmt":"2017-02-07T15:05:43","guid":{"rendered":"https:\/\/europont.it\/servizi\/"},"modified":"2019-09-05T09:03:11","modified_gmt":"2019-09-05T09:03:11","slug":"diensleistungen","status":"publish","type":"page","link":"https:\/\/europont.it\/de\/diensleistungen\/","title":{"rendered":"Diensleistungen"},"content":{"rendered":"[vc_row type=&#8220;full_width_background&#8220; full_screen_row_position=&#8220;middle&#8220; bg_color=&#8220;#ffffff&#8220; scene_position=&#8220;center&#8220; text_color=&#8220;dark&#8220; text_align=&#8220;left&#8220; top_padding=&#8220;7%&#8220; bottom_padding=&#8220;7%&#8220; overlay_strength=&#8220;0.3&#8243; shape_divider_position=&#8220;bottom&#8220; bg_image_animation=&#8220;none&#8220; shape_type=&#8220;&#8220;][vc_column column_padding=&#8220;no-extra-padding&#8220; column_padding_position=&#8220;all&#8220; background_color_opacity=&#8220;1&#8243; background_hover_color_opacity=&#8220;1&#8243; column_link_target=&#8220;_self&#8220; column_shadow=&#8220;none&#8220; column_border_radius=&#8220;none&#8220; width=&#8220;1\/6&#8243; tablet_width_inherit=&#8220;default&#8220; tablet_text_alignment=&#8220;default&#8220; phone_text_alignment=&#8220;default&#8220; column_border_width=&#8220;none&#8220; column_border_style=&#8220;solid&#8220; bg_image_animation=&#8220;none&#8220; offset=&#8220;vc_hidden-sm vc_hidden-xs&#8220;][\/vc_column][vc_column column_padding=&#8220;padding-3-percent&#8220; column_padding_position=&#8220;all&#8220; background_color_opacity=&#8220;1&#8243; background_hover_color_opacity=&#8220;1&#8243; column_link_target=&#8220;_self&#8220; column_shadow=&#8220;none&#8220; column_border_radius=&#8220;none&#8220; width=&#8220;2\/3&#8243; tablet_width_inherit=&#8220;default&#8220; tablet_text_alignment=&#8220;default&#8220; phone_text_alignment=&#8220;default&#8220; column_border_width=&#8220;none&#8220; column_border_style=&#8220;solid&#8220; bg_image_animation=&#8220;none&#8220;][vc_custom_heading text=&#8220;Ger\u00fcstverleih<br \/>\nund -montage&#8220; font_container=&#8220;tag:h1|text_align:left&#8220; use_theme_fonts=&#8220;yes&#8220;][divider line_type=&#8220;Small Line&#8220; line_alignment=&#8220;default&#8220; line_thickness=&#8220;8&#8243; divider_color=&#8220;extra-color-3&#8243; animate=&#8220;yes&#8220; custom_height=&#8220;50&#8243; custom_line_width=&#8220;48&#8243;][vc_column_text]Seit 25 Jahren ist Europont ein bew\u00e4hrter Partner von Unternehmen der Branchen Baugewerbe, Infrastrukturen, Industrie sowie Veranstaltungen und Auff\u00fchrungen. Das Unternehmen garantiert seinen Kunden Sicherheit bei der Planung, Montage und Instandhaltung von Hilfsbauten, insbesondere im Ger\u00fcstbau.[\/vc_column_text][\/vc_column][vc_column column_padding=&#8220;no-extra-padding&#8220; column_padding_position=&#8220;all&#8220; background_color_opacity=&#8220;1&#8243; background_hover_color_opacity=&#8220;1&#8243; column_link_target=&#8220;_self&#8220; column_shadow=&#8220;none&#8220; column_border_radius=&#8220;none&#8220; width=&#8220;1\/6&#8243; tablet_width_inherit=&#8220;default&#8220; tablet_text_alignment=&#8220;default&#8220; phone_text_alignment=&#8220;default&#8220; column_border_width=&#8220;none&#8220; column_border_style=&#8220;solid&#8220; bg_image_animation=&#8220;none&#8220; offset=&#8220;vc_hidden-sm vc_hidden-xs&#8220;][\/vc_column][\/vc_row][vc_row type=&#8220;full_width_content&#8220; full_screen_row_position=&#8220;middle&#8220; equal_height=&#8220;yes&#8220; content_placement=&#8220;middle&#8220; bg_color=&#8220;#ffffff&#8220; scene_position=&#8220;center&#8220; text_color=&#8220;dark&#8220; text_align=&#8220;left&#8220; overlay_strength=&#8220;0.3&#8243; shape_divider_position=&#8220;bottom&#8220; bg_image_animation=&#8220;none&#8220;][vc_column column_padding=&#8220;padding-10-percent&#8220; column_padding_position=&#8220;all&#8220; background_color=&#8220;#f4f4f4&#8243; background_color_opacity=&#8220;1&#8243; background_hover_color_opacity=&#8220;1&#8243; column_link_target=&#8220;_self&#8220; column_shadow=&#8220;none&#8220; column_border_radius=&#8220;none&#8220; width=&#8220;1\/2&#8243; tablet_width_inherit=&#8220;default&#8220; tablet_text_alignment=&#8220;default&#8220; phone_text_alignment=&#8220;default&#8220; column_border_width=&#8220;none&#8220; column_border_style=&#8220;solid&#8220; bg_image_animation=&#8220;none&#8220;][vc_row_inner column_margin=&#8220;default&#8220; text_align=&#8220;left&#8220;][vc_column_inner column_padding=&#8220;no-extra-padding&#8220; column_padding_position=&#8220;all&#8220; background_color_opacity=&#8220;1&#8243; background_hover_color_opacity=&#8220;1&#8243; column_shadow=&#8220;none&#8220; column_border_radius=&#8220;none&#8220; column_link_target=&#8220;_self&#8220; width=&#8220;1\/1&#8243; tablet_width_inherit=&#8220;default&#8220; column_border_width=&#8220;none&#8220; column_border_style=&#8220;solid&#8220; bg_image_animation=&#8220;none&#8220; enable_animation=&#8220;true&#8220; animation=&#8220;fade-in-from-bottom&#8220;][divider line_type=&#8220;Small Line&#8220; line_alignment=&#8220;default&#8220; line_thickness=&#8220;8&#8243; divider_color=&#8220;extra-color-3&#8243; animate=&#8220;yes&#8220; custom_height=&#8220;50&#8243; custom_line_width=&#8220;48&#8243;][vc_column_text]In diesem Zeitraum hat das Unternehmen Kompetenzen auf h\u00f6chstem Marktniveau in folgenden Bereichen erworben:<\/p>\n<ul>\n<li>auf Baustellen zur Errichtung von Wohn- Gesch\u00e4fts- und Industrie<strong>bauten<\/strong> sowie in der Sanierung gro\u00dfer Geb\u00e4udekomplexe und von historischen Bauwerken;<\/li>\n<li>auf Baustellen, die der Instandhaltung oder dem Neubau gro\u00dfer <strong>Infrastrukturen<\/strong> dienen, wie etwa Br\u00fccken, Viadukte, Tunnel, D\u00e4mme, E-Werke und Stromnetze sowie Aufstiegsanlagen f\u00fcr den Skisport;<\/li>\n<li>auf Baustellen, die dem Bau neuer <strong>Industrieanlagen<\/strong> oder der Instandhaltung und Reparatur bestehender Anlagen dienen;<\/li>\n<li>beim Bau von Strukturen f\u00fcr <strong>Veranstaltungen<\/strong> unterschiedlicher Art in den Bereichen Sport, Kultur und Musik, in geschlossenen Geb\u00e4uden oder im Freien.<\/li>\n<\/ul>\n[\/vc_column_text][\/vc_column_inner][\/vc_row_inner][\/vc_column][vc_column column_padding=&#8220;no-extra-padding&#8220; column_padding_position=&#8220;all&#8220; background_color_opacity=&#8220;1&#8243; background_hover_color_opacity=&#8220;1&#8243; background_image=&#8220;6354&#8243; enable_bg_scale=&#8220;true&#8220; column_link_target=&#8220;_self&#8220; column_shadow=&#8220;none&#8220; column_border_radius=&#8220;none&#8220; width=&#8220;1\/2&#8243; tablet_width_inherit=&#8220;default&#8220; tablet_text_alignment=&#8220;default&#8220; phone_text_alignment=&#8220;default&#8220; column_border_width=&#8220;none&#8220; column_border_style=&#8220;solid&#8220; bg_image_animation=&#8220;none&#8220;][\/vc_column][\/vc_row][vc_row type=&#8220;full_width_content&#8220; full_screen_row_position=&#8220;middle&#8220; equal_height=&#8220;yes&#8220; content_placement=&#8220;middle&#8220; scene_position=&#8220;center&#8220; text_color=&#8220;dark&#8220; text_align=&#8220;left&#8220; overlay_strength=&#8220;0.3&#8243; shape_divider_position=&#8220;bottom&#8220; bg_image_animation=&#8220;none&#8220;][vc_column column_padding=&#8220;no-extra-padding&#8220; column_padding_position=&#8220;all&#8220; background_color_opacity=&#8220;1&#8243; background_hover_color_opacity=&#8220;1&#8243; background_image=&#8220;6362&#8243; enable_bg_scale=&#8220;true&#8220; column_link_target=&#8220;_self&#8220; column_shadow=&#8220;none&#8220; column_border_radius=&#8220;none&#8220; width=&#8220;1\/2&#8243; tablet_width_inherit=&#8220;default&#8220; tablet_text_alignment=&#8220;default&#8220; phone_text_alignment=&#8220;default&#8220; column_border_width=&#8220;none&#8220; column_border_style=&#8220;solid&#8220; bg_image_animation=&#8220;none&#8220; offset=&#8220;vc_hidden-sm vc_hidden-xs&#8220;][\/vc_column][vc_column column_padding=&#8220;padding-10-percent&#8220; column_padding_position=&#8220;all&#8220; background_color=&#8220;#ffffff&#8220; background_color_opacity=&#8220;1&#8243; background_hover_color_opacity=&#8220;1&#8243; column_link_target=&#8220;_self&#8220; column_shadow=&#8220;none&#8220; column_border_radius=&#8220;none&#8220; width=&#8220;1\/2&#8243; tablet_width_inherit=&#8220;default&#8220; tablet_text_alignment=&#8220;default&#8220; phone_text_alignment=&#8220;default&#8220; column_border_width=&#8220;none&#8220; column_border_style=&#8220;solid&#8220; bg_image_animation=&#8220;none&#8220;][vc_row_inner column_margin=&#8220;default&#8220; text_align=&#8220;left&#8220;][vc_column_inner column_padding=&#8220;no-extra-padding&#8220; column_padding_position=&#8220;all&#8220; background_color_opacity=&#8220;1&#8243; background_hover_color_opacity=&#8220;1&#8243; column_shadow=&#8220;none&#8220; column_border_radius=&#8220;none&#8220; column_link_target=&#8220;_self&#8220; width=&#8220;1\/1&#8243; tablet_width_inherit=&#8220;default&#8220; column_border_width=&#8220;none&#8220; column_border_style=&#8220;solid&#8220; bg_image_animation=&#8220;none&#8220; enable_animation=&#8220;true&#8220; animation=&#8220;fade-in-from-bottom&#8220;][divider line_type=&#8220;Small Line&#8220; line_alignment=&#8220;default&#8220; line_thickness=&#8220;8&#8243; divider_color=&#8220;extra-color-3&#8243; animate=&#8220;yes&#8220; custom_height=&#8220;50&#8243; custom_line_width=&#8220;48&#8243;][vc_column_text]Das Unternehmen Europont stellt den Kunden seine langj\u00e4hrige einschl\u00e4gige Erfahrung, insbesondere auch die seiner Mitarbeiter, in Kombination mit einer kapillaren Pr\u00e4senz auf dem Territorium zur Verf\u00fcgung. Zu den Kunden z\u00e4hlen Bauunternehmen, Generalunternehmer, Immobilienverwaltungen, \u00f6ffentliche Verwaltungen, Industriebetriebe, Organisatoren von Veranstaltungen und Auff\u00fchrungen, Sportvereine etc. Vom Erfahrungsschatz des Unternehmens profitieren die Kunden in Form schneller Antworten auf die verschiedenen Anforderungen und durch Dienstleistungen, die sich durch ein hohes Ma\u00df an Qualit\u00e4t und Sicherheit auszeichnen.[\/vc_column_text][\/vc_column_inner][\/vc_row_inner][\/vc_column][\/vc_row][vc_row type=&#8220;full_width_background&#8220; full_screen_row_position=&#8220;middle&#8220; bg_color=&#8220;#f0f4f6&#8243; scene_position=&#8220;center&#8220; text_color=&#8220;dark&#8220; text_align=&#8220;left&#8220; top_padding=&#8220;12%&#8220; bottom_padding=&#8220;8%&#8220; overlay_strength=&#8220;0.5&#8243; shape_divider_position=&#8220;bottom&#8220; bg_image_animation=&#8220;none&#8220; shape_type=&#8220;&#8220;][vc_column column_padding=&#8220;no-extra-padding&#8220; column_padding_position=&#8220;all&#8220; background_color_opacity=&#8220;1&#8243; background_hover_color_opacity=&#8220;1&#8243; column_link_target=&#8220;_self&#8220; column_shadow=&#8220;none&#8220; column_border_radius=&#8220;none&#8220; width=&#8220;1\/1&#8243; tablet_width_inherit=&#8220;default&#8220; tablet_text_alignment=&#8220;default&#8220; phone_text_alignment=&#8220;default&#8220; column_border_width=&#8220;none&#8220; column_border_style=&#8220;solid&#8220; bg_image_animation=&#8220;none&#8220;][vc_row_inner column_margin=&#8220;default&#8220; text_align=&#8220;left&#8220;][vc_column_inner column_padding=&#8220;no-extra-padding&#8220; column_padding_position=&#8220;all&#8220; background_color_opacity=&#8220;1&#8243; background_hover_color_opacity=&#8220;1&#8243; column_shadow=&#8220;none&#8220; column_border_radius=&#8220;none&#8220; column_link_target=&#8220;_self&#8220; width=&#8220;1\/6&#8243; tablet_width_inherit=&#8220;default&#8220; column_border_width=&#8220;none&#8220; column_border_style=&#8220;solid&#8220; bg_image_animation=&#8220;none&#8220; enable_animation=&#8220;true&#8220; animation=&#8220;fade-in-from-bottom&#8220;][\/vc_column_inner][vc_column_inner column_padding=&#8220;no-extra-padding&#8220; column_padding_position=&#8220;all&#8220; background_color_opacity=&#8220;1&#8243; background_hover_color_opacity=&#8220;1&#8243; column_shadow=&#8220;none&#8220; column_border_radius=&#8220;none&#8220; column_link_target=&#8220;_self&#8220; width=&#8220;2\/3&#8243; tablet_width_inherit=&#8220;default&#8220; column_border_width=&#8220;none&#8220; column_border_style=&#8220;solid&#8220; bg_image_animation=&#8220;none&#8220; enable_animation=&#8220;true&#8220; animation=&#8220;fade-in-from-bottom&#8220;][vc_custom_heading text=&#8220;Interventionsbereiche&#8220; font_container=&#8220;tag:h2|font_size:48px|text_align:center|line_height:57px&#8220; use_theme_fonts=&#8220;yes&#8220; css_animation=&#8220;none&#8220;][\/vc_column_inner][vc_column_inner column_padding=&#8220;no-extra-padding&#8220; column_padding_position=&#8220;all&#8220; background_color_opacity=&#8220;1&#8243; background_hover_color_opacity=&#8220;1&#8243; column_shadow=&#8220;none&#8220; column_border_radius=&#8220;none&#8220; column_link_target=&#8220;_self&#8220; width=&#8220;1\/6&#8243; tablet_width_inherit=&#8220;default&#8220; column_border_width=&#8220;none&#8220; column_border_style=&#8220;solid&#8220; bg_image_animation=&#8220;none&#8220;][\/vc_column_inner][\/vc_row_inner][vc_row_inner column_margin=&#8220;default&#8220; top_padding=&#8220;20&#8243; text_align=&#8220;left&#8220;][vc_column_inner column_padding=&#8220;padding-3-percent&#8220; column_padding_position=&#8220;all&#8220; centered_text=&#8220;true&#8220; background_color_opacity=&#8220;1&#8243; background_hover_color_opacity=&#8220;1&#8243; column_shadow=&#8220;none&#8220; column_border_radius=&#8220;none&#8220; column_link_target=&#8220;_self&#8220; width=&#8220;1\/3&#8243; tablet_width_inherit=&#8220;default&#8220; column_border_width=&#8220;none&#8220; column_border_style=&#8220;solid&#8220; bg_image_animation=&#8220;none&#8220; enable_animation=&#8220;true&#8220; animation=&#8220;fade-in-from-bottom&#8220;][nectar_icon icon_family=&#8220;iconsmind&#8220; icon_style=&#8220;default&#8220; icon_color=&#8220;Accent-Color&#8220; icon_padding=&#8220;0px&#8220; icon_iconsmind=&#8220;iconsmind-Building&#8220; url=&#8220;#&#8220;][vc_column_text css_animation=&#8220;fadeInUp&#8220; css=&#8220;.vc_custom_1567673244436{margin-bottom: 15px !important;}&#8220;]\n<h5>Hochbau und Infrastrukturanlagen<\/h5>\n[\/vc_column_text][vc_custom_heading text=&#8220;Verleih und Montage von Ger\u00fcsten f\u00fcr Neubauten jeglicher Art&#8220; font_container=&#8220;tag:p|text_align:center|color:rgba(10%2C10%2C10%2C0.65)&#8220; use_theme_fonts=&#8220;yes&#8220; css_animation=&#8220;fadeInUp&#8220;][nectar_btn size=&#8220;large&#8220; button_style=&#8220;see-through-2&#8243; hover_text_color_override=&#8220;#ffffff&#8220; icon_family=&#8220;none&#8220; url=&#8220;\/de\/gerueste-fuer-den-hochbau\/&#8220; text=&#8220;Weiterlesen&#8220; margin_top=&#8220;25&#8243;][\/vc_column_inner][vc_column_inner column_padding=&#8220;padding-3-percent&#8220; column_padding_position=&#8220;all&#8220; centered_text=&#8220;true&#8220; background_color_opacity=&#8220;1&#8243; background_hover_color_opacity=&#8220;1&#8243; column_shadow=&#8220;none&#8220; column_border_radius=&#8220;none&#8220; column_link_target=&#8220;_self&#8220; width=&#8220;1\/3&#8243; tablet_width_inherit=&#8220;default&#8220; column_border_width=&#8220;none&#8220; column_border_style=&#8220;solid&#8220; bg_image_animation=&#8220;none&#8220; enable_animation=&#8220;true&#8220; animation=&#8220;fade-in-from-bottom&#8220; delay=&#8220;100&#8243;][nectar_icon icon_family=&#8220;iconsmind&#8220; icon_style=&#8220;default&#8220; icon_color=&#8220;Accent-Color&#8220; icon_padding=&#8220;0px&#8220; icon_iconsmind=&#8220;iconsmind-Factory&#8220; url=&#8220;#&#8220;][vc_column_text css_animation=&#8220;fadeInUp&#8220; css=&#8220;.vc_custom_1567673322775{margin-bottom: 15px !important;}&#8220;]\n<h5>Industrie<\/h5>\n[\/vc_column_text][vc_custom_heading text=&#8220;Verleih und Montage von Ger\u00fcsten zur Instandhaltung oder Errichtung von Industrieanlagen&#8220; font_container=&#8220;tag:p|text_align:center|color:rgba(10%2C10%2C10%2C0.65)&#8220; use_theme_fonts=&#8220;yes&#8220; css_animation=&#8220;fadeInUp&#8220;][nectar_btn size=&#8220;large&#8220; button_style=&#8220;see-through-2&#8243; hover_text_color_override=&#8220;#ffffff&#8220; icon_family=&#8220;none&#8220; url=&#8220;\/de\/gerueste-fuer-die-industrie\/&#8220; text=&#8220;Weiterlesen&#8220; margin_top=&#8220;25&#8243;][\/vc_column_inner][vc_column_inner column_padding=&#8220;padding-3-percent&#8220; column_padding_position=&#8220;all&#8220; centered_text=&#8220;true&#8220; background_color_opacity=&#8220;1&#8243; background_hover_color_opacity=&#8220;1&#8243; column_shadow=&#8220;none&#8220; column_border_radius=&#8220;none&#8220; column_link_target=&#8220;_self&#8220; width=&#8220;1\/3&#8243; tablet_width_inherit=&#8220;default&#8220; column_border_width=&#8220;none&#8220; column_border_style=&#8220;solid&#8220; bg_image_animation=&#8220;none&#8220; enable_animation=&#8220;true&#8220; animation=&#8220;fade-in-from-bottom&#8220; delay=&#8220;200&#8243;][nectar_icon icon_family=&#8220;iconsmind&#8220; icon_style=&#8220;default&#8220; icon_color=&#8220;Accent-Color&#8220; icon_padding=&#8220;0px&#8220; icon_iconsmind=&#8220;iconsmind-Tripod-andVideo&#8220; url=&#8220;#&#8220;][vc_column_text css_animation=&#8220;fadeInUp&#8220; css=&#8220;.vc_custom_1567673410981{margin-bottom: 15px !important;}&#8220;]\n<h5>Sportveranstaltungen und Auff\u00fchrungen<\/h5>\n[\/vc_column_text][vc_custom_heading text=&#8220;Verleih und Errichtung von Strukturen mit modularem Ger\u00fcstsystem<br \/>\nf\u00fcr Sportveranstaltungen und Auff\u00fchrungen&#8220; font_container=&#8220;tag:p|text_align:center|color:rgba(10%2C10%2C10%2C0.65)&#8220; use_theme_fonts=&#8220;yes&#8220; css_animation=&#8220;fadeInUp&#8220;][nectar_btn size=&#8220;large&#8220; button_style=&#8220;see-through-2&#8243; hover_text_color_override=&#8220;#ffffff&#8220; icon_family=&#8220;none&#8220; url=&#8220;\/de\/gerueste-fuer-sportveranstaltungen-und-auffuehrungen\/&#8220; text=&#8220;Weiterlesen&#8220; margin_top=&#8220;25&#8243;][\/vc_column_inner][\/vc_row_inner][\/vc_column][\/vc_row]\n","protected":false},"excerpt":{"rendered":"<p>[vc_row type=&#8220;full_width_background&#8220; full_screen_row_position=&#8220;middle&#8220; bg_color=&#8220;#ffffff&#8220; scene_position=&#8220;center&#8220; text_color=&#8220;dark&#8220; text_align=&#8220;left&#8220; top_padding=&#8220;7%&#8220; bottom_padding=&#8220;7%&#8220; overlay_strength=&#8220;0.3&#8243; shape_divider_position=&#8220;bottom&#8220; bg_image_animation=&#8220;none&#8220; shape_type=&#8220;&#8220;][vc_column column_padding=&#8220;no-extra-padding&#8220; column_padding_position=&#8220;all&#8220;&#8230;<\/p>\n","protected":false},"author":1,"featured_media":0,"parent":0,"menu_order":0,"comment_status":"closed","ping_status":"closed","template":"","meta":{"footnotes":""},"class_list":["post-7121","page","type-page","status-publish"],"_links":{"self":[{"href":"https:\/\/europont.it\/de\/wp-json\/wp\/v2\/pages\/7121","targetHints":{"allow":["GET"]}}],"collection":[{"href":"https:\/\/europont.it\/de\/wp-json\/wp\/v2\/pages"}],"about":[{"href":"https:\/\/europont.it\/de\/wp-json\/wp\/v2\/types\/page"}],"author":[{"embeddable":true,"href":"https:\/\/europont.it\/de\/wp-json\/wp\/v2\/users\/1"}],"replies":[{"embeddable":true,"href":"https:\/\/europont.it\/de\/wp-json\/wp\/v2\/comments?post=7121"}],"version-history":[{"count":3,"href":"https:\/\/europont.it\/de\/wp-json\/wp\/v2\/pages\/7121\/revisions"}],"predecessor-version":[{"id":7132,"href":"https:\/\/europont.it\/de\/wp-json\/wp\/v2\/pages\/7121\/revisions\/7132"}],"wp:attachment":[{"href":"https:\/\/europont.it\/de\/wp-json\/wp\/v2\/media?parent=7121"}],"curies":[{"name":"wp","href":"https:\/\/api.w.org\/{rel}","templated":true}]}}